{"id":72,"date":"2025-05-22T21:54:24","date_gmt":"2025-05-22T21:54:24","guid":{"rendered":"https:\/\/zen.almeidadesouza.pt\/?page_id=72"},"modified":"2025-06-12T13:59:04","modified_gmt":"2025-06-12T13:59:04","slug":"sobre","status":"publish","type":"page","link":"https:\/\/zen.almeidadesouza.pt\/?page_id=72","title":{"rendered":"Sobre"},"content":{"rendered":"\n<p>Sou algu\u00e9m que encontra alegria em explorar tanto os aspectos f\u00edsicos quanto os espirituais da vida. Frequentemente, voc\u00ea vai me encontrar no tatame de jud\u00f4 ou praticando iaido, canalizando disciplina e foco na minha jornada pelas artes marciais. A m\u00fasica tamb\u00e9m \u00e9 uma das minhas paix\u00f5es, e adoro dedilhar melodias no meu bandolim, permitindo que minha alma se expresse atrav\u00e9s das cordas.<\/p>\n\n\n\n<p>Junto a essas atividades, encontro ref\u00fagio nos ensinamentos do Zen e no caminho do Buda, buscando paz interior e compreens\u00e3o em meio aos altos e baixos da vida.<\/p>\n\n\n\n<p>Mas, acima de tudo, o centro do meu mundo \u00e9 a minha fam\u00edlia. Eles preenchem meus dias com risos, calor e amor incondicional, me mantendo firme naquilo que realmente importa. S\u00e3o meus maiores mestres, e sou imensamente grato pelo v\u00ednculo que compartilhamos.<\/p>\n\n\n\n<p>Gassho!<\/p>\n","protected":false},"excerpt":{"rendered":"<p>Sou algu\u00e9m que encontra alegria em explorar tanto os aspectos f\u00edsicos quanto os espirituais da vida. Frequentemente, voc\u00ea vai me encontrar no tatame de jud\u00f4 ou praticando iaido, canalizando disciplina e foco na minha jornada pelas artes marciais. A m\u00fasica tamb\u00e9m \u00e9 uma das minhas paix\u00f5es, e adoro dedilhar melodias no meu bandolim, permitindo que [&hellip;]<\/p>\n","protected":false},"author":1,"featured_media":0,"parent":0,"menu_order":0,"comment_status":"closed","ping_status":"closed","template":"","meta":{"footnotes":""},"class_list":["post-72","page","type-page","status-publish","hentry"],"_links":{"self":[{"href":"https:\/\/zen.almeidadesouza.pt\/index.php?rest_route=\/wp\/v2\/pages\/72","targetHints":{"allow":["GET"]}}],"collection":[{"href":"https:\/\/zen.almeidadesouza.pt\/index.php?rest_route=\/wp\/v2\/pages"}],"about":[{"href":"https:\/\/zen.almeidadesouza.pt\/index.php?rest_route=\/wp\/v2\/types\/page"}],"author":[{"embeddable":true,"href":"https:\/\/zen.almeidadesouza.pt\/index.php?rest_route=\/wp\/v2\/users\/1"}],"replies":[{"embeddable":true,"href":"https:\/\/zen.almeidadesouza.pt\/index.php?rest_route=%2Fwp%2Fv2%2Fcomments&post=72"}],"version-history":[{"count":2,"href":"https:\/\/zen.almeidadesouza.pt\/index.php?rest_route=\/wp\/v2\/pages\/72\/revisions"}],"predecessor-version":[{"id":98,"href":"https:\/\/zen.almeidadesouza.pt\/index.php?rest_route=\/wp\/v2\/pages\/72\/revisions\/98"}],"wp:attachment":[{"href":"https:\/\/zen.almeidadesouza.pt\/index.php?rest_route=%2Fwp%2Fv2%2Fmedia&parent=72"}],"curies":[{"name":"wp","href":"https:\/\/api.w.org\/{rel}","templated":true}]}}